{"id":357,"date":"2024-02-11T20:51:01","date_gmt":"2024-02-12T01:51:01","guid":{"rendered":"https:\/\/zona7digital.com\/?page_id=357"},"modified":"2025-11-24T17:13:57","modified_gmt":"2025-11-24T22:13:57","slug":"musicalizacion-composicion-musica-sinfonica-original","status":"publish","type":"page","link":"https:\/\/zona7digital.com\/index.php\/musicalizacion-composicion-musica-sinfonica-original\/","title":{"rendered":"Musicalizaci\u00f3n"},"content":{"rendered":"","protected":false},"excerpt":{"rendered":"","protected":false},"author":1,"featured_media":0,"parent":0,"menu_order":0,"comment_status":"closed","ping_status":"closed","template":"","meta":{"_et_pb_use_builder":"on","_et_pb_old_content":"","_et_gb_content_width":"","content-type":"","_monsterinsights_skip_tracking":false,"_monsterinsights_sitenote_active":false,"_monsterinsights_sitenote_note":"","_monsterinsights_sitenote_category":0,"_joinchat":[],"footnotes":""},"class_list":["post-357","page","type-page","status-publish","hentry"],"yoast_head":"<!-- This site is optimized with the Yoast SEO plugin v27.3 - https:\/\/yoast.com\/product\/yoast-seo-wordpress\/ -->\n<title>Musicalizaci\u00f3n - composici\u00f3n - M\u00fasica sinf\u00f3nica Original<\/title>\n<meta name=\"description\" content=\"Imagina el impacto de una composici\u00f3n musical original. Eso es lo que ofrecemos: no solo m\u00fasica, sino una experiencia sensorial completa que dejar\u00e1 una marca imborrable en tus espectadores y en tu proyecto audiovisual. Nuestras composiciones sinf\u00f3nicas est\u00e1n dise\u00f1adas para resonar en lo m\u00e1s profundo del ser humano.\" \/>\n<meta name=\"robots\" content=\"index, follow, max-snippet:-1, max-image-preview:large, max-video-preview:-1\" \/>\n<link rel=\"canonical\" href=\"https:\/\/zona7digital.com\/index.php\/musicalizacion-composicion-musica-sinfonica-original\/\" \/>\n<meta property=\"og:locale\" content=\"es_ES\" \/>\n<meta property=\"og:type\" content=\"article\" \/>\n<meta property=\"og:title\" content=\"Musicalizaci\u00f3n - composici\u00f3n - M\u00fasica sinf\u00f3nica Original\" \/>\n<meta property=\"og:description\" content=\"Imagina el impacto de una composici\u00f3n musical original. Eso es lo que ofrecemos: no solo m\u00fasica, sino una experiencia sensorial completa que dejar\u00e1 una marca imborrable en tus espectadores y en tu proyecto audiovisual. Nuestras composiciones sinf\u00f3nicas est\u00e1n dise\u00f1adas para resonar en lo m\u00e1s profundo del ser humano.\" \/>\n<meta property=\"og:url\" content=\"https:\/\/zona7digital.com\/index.php\/musicalizacion-composicion-musica-sinfonica-original\/\" \/>\n<meta property=\"og:site_name\" content=\"zona7digital.com\" \/>\n<meta property=\"article:modified_time\" content=\"2025-11-24T22:13:57+00:00\" \/>\n<meta name=\"twitter:card\" content=\"summary_large_image\" \/>\n<script type=\"application\/ld+json\" class=\"yoast-schema-graph\">{\"@context\":\"https:\\\/\\\/schema.org\",\"@graph\":[{\"@type\":\"WebPage\",\"@id\":\"https:\\\/\\\/zona7digital.com\\\/index.php\\\/musicalizacion-composicion-musica-sinfonica-original\\\/\",\"url\":\"https:\\\/\\\/zona7digital.com\\\/index.php\\\/musicalizacion-composicion-musica-sinfonica-original\\\/\",\"name\":\"Musicalizaci\u00f3n - composici\u00f3n - M\u00fasica sinf\u00f3nica Original\",\"isPartOf\":{\"@id\":\"https:\\\/\\\/zona7digital.com\\\/#website\"},\"datePublished\":\"2024-02-12T01:51:01+00:00\",\"dateModified\":\"2025-11-24T22:13:57+00:00\",\"description\":\"Imagina el impacto de una composici\u00f3n musical original. Eso es lo que ofrecemos: no solo m\u00fasica, sino una experiencia sensorial completa que dejar\u00e1 una marca imborrable en tus espectadores y en tu proyecto audiovisual. Nuestras composiciones sinf\u00f3nicas est\u00e1n dise\u00f1adas para resonar en lo m\u00e1s profundo del ser humano.\",\"breadcrumb\":{\"@id\":\"https:\\\/\\\/zona7digital.com\\\/index.php\\\/musicalizacion-composicion-musica-sinfonica-original\\\/#breadcrumb\"},\"inLanguage\":\"es\",\"potentialAction\":[{\"@type\":\"ReadAction\",\"target\":[\"https:\\\/\\\/zona7digital.com\\\/index.php\\\/musicalizacion-composicion-musica-sinfonica-original\\\/\"]}]},{\"@type\":\"BreadcrumbList\",\"@id\":\"https:\\\/\\\/zona7digital.com\\\/index.php\\\/musicalizacion-composicion-musica-sinfonica-original\\\/#breadcrumb\",\"itemListElement\":[{\"@type\":\"ListItem\",\"position\":1,\"name\":\"Inicio\",\"item\":\"https:\\\/\\\/zona7digital.com\\\/\"},{\"@type\":\"ListItem\",\"position\":2,\"name\":\"Musicalizaci\u00f3n\"}]},{\"@type\":\"WebSite\",\"@id\":\"https:\\\/\\\/zona7digital.com\\\/#website\",\"url\":\"https:\\\/\\\/zona7digital.com\\\/\",\"name\":\"zona7digital.com\",\"description\":\"Agencia digital\",\"publisher\":{\"@id\":\"https:\\\/\\\/zona7digital.com\\\/#organization\"},\"potentialAction\":[{\"@type\":\"SearchAction\",\"target\":{\"@type\":\"EntryPoint\",\"urlTemplate\":\"https:\\\/\\\/zona7digital.com\\\/?s={search_term_string}\"},\"query-input\":{\"@type\":\"PropertyValueSpecification\",\"valueRequired\":true,\"valueName\":\"search_term_string\"}}],\"inLanguage\":\"es\"},{\"@type\":\"Organization\",\"@id\":\"https:\\\/\\\/zona7digital.com\\\/#organization\",\"name\":\"zona7digital.com\",\"url\":\"https:\\\/\\\/zona7digital.com\\\/\",\"logo\":{\"@type\":\"ImageObject\",\"inLanguage\":\"es\",\"@id\":\"https:\\\/\\\/zona7digital.com\\\/#\\\/schema\\\/logo\\\/image\\\/\",\"url\":\"https:\\\/\\\/zona7digital.com\\\/wp-content\\\/uploads\\\/2023\\\/11\\\/cropped-Fondo-Blanco.png\",\"contentUrl\":\"https:\\\/\\\/zona7digital.com\\\/wp-content\\\/uploads\\\/2023\\\/11\\\/cropped-Fondo-Blanco.png\",\"width\":847,\"height\":356,\"caption\":\"zona7digital.com\"},\"image\":{\"@id\":\"https:\\\/\\\/zona7digital.com\\\/#\\\/schema\\\/logo\\\/image\\\/\"}}]}<\/script>\n<!-- \/ Yoast SEO plugin. -->","yoast_head_json":{"title":"Musicalizaci\u00f3n - composici\u00f3n - M\u00fasica sinf\u00f3nica Original","description":"Imagina el impacto de una composici\u00f3n musical original. Eso es lo que ofrecemos: no solo m\u00fasica, sino una experiencia sensorial completa que dejar\u00e1 una marca imborrable en tus espectadores y en tu proyecto audiovisual. Nuestras composiciones sinf\u00f3nicas est\u00e1n dise\u00f1adas para resonar en lo m\u00e1s profundo del ser humano.","robots":{"index":"index","follow":"follow","max-snippet":"max-snippet:-1","max-image-preview":"max-image-preview:large","max-video-preview":"max-video-preview:-1"},"canonical":"https:\/\/zona7digital.com\/index.php\/musicalizacion-composicion-musica-sinfonica-original\/","og_locale":"es_ES","og_type":"article","og_title":"Musicalizaci\u00f3n - composici\u00f3n - M\u00fasica sinf\u00f3nica Original","og_description":"Imagina el impacto de una composici\u00f3n musical original. Eso es lo que ofrecemos: no solo m\u00fasica, sino una experiencia sensorial completa que dejar\u00e1 una marca imborrable en tus espectadores y en tu proyecto audiovisual. Nuestras composiciones sinf\u00f3nicas est\u00e1n dise\u00f1adas para resonar en lo m\u00e1s profundo del ser humano.","og_url":"https:\/\/zona7digital.com\/index.php\/musicalizacion-composicion-musica-sinfonica-original\/","og_site_name":"zona7digital.com","article_modified_time":"2025-11-24T22:13:57+00:00","twitter_card":"summary_large_image","schema":{"@context":"https:\/\/schema.org","@graph":[{"@type":"WebPage","@id":"https:\/\/zona7digital.com\/index.php\/musicalizacion-composicion-musica-sinfonica-original\/","url":"https:\/\/zona7digital.com\/index.php\/musicalizacion-composicion-musica-sinfonica-original\/","name":"Musicalizaci\u00f3n - composici\u00f3n - M\u00fasica sinf\u00f3nica Original","isPartOf":{"@id":"https:\/\/zona7digital.com\/#website"},"datePublished":"2024-02-12T01:51:01+00:00","dateModified":"2025-11-24T22:13:57+00:00","description":"Imagina el impacto de una composici\u00f3n musical original. Eso es lo que ofrecemos: no solo m\u00fasica, sino una experiencia sensorial completa que dejar\u00e1 una marca imborrable en tus espectadores y en tu proyecto audiovisual. Nuestras composiciones sinf\u00f3nicas est\u00e1n dise\u00f1adas para resonar en lo m\u00e1s profundo del ser humano.","breadcrumb":{"@id":"https:\/\/zona7digital.com\/index.php\/musicalizacion-composicion-musica-sinfonica-original\/#breadcrumb"},"inLanguage":"es","potentialAction":[{"@type":"ReadAction","target":["https:\/\/zona7digital.com\/index.php\/musicalizacion-composicion-musica-sinfonica-original\/"]}]},{"@type":"BreadcrumbList","@id":"https:\/\/zona7digital.com\/index.php\/musicalizacion-composicion-musica-sinfonica-original\/#breadcrumb","itemListElement":[{"@type":"ListItem","position":1,"name":"Inicio","item":"https:\/\/zona7digital.com\/"},{"@type":"ListItem","position":2,"name":"Musicalizaci\u00f3n"}]},{"@type":"WebSite","@id":"https:\/\/zona7digital.com\/#website","url":"https:\/\/zona7digital.com\/","name":"zona7digital.com","description":"Agencia digital","publisher":{"@id":"https:\/\/zona7digital.com\/#organization"},"potentialAction":[{"@type":"SearchAction","target":{"@type":"EntryPoint","urlTemplate":"https:\/\/zona7digital.com\/?s={search_term_string}"},"query-input":{"@type":"PropertyValueSpecification","valueRequired":true,"valueName":"search_term_string"}}],"inLanguage":"es"},{"@type":"Organization","@id":"https:\/\/zona7digital.com\/#organization","name":"zona7digital.com","url":"https:\/\/zona7digital.com\/","logo":{"@type":"ImageObject","inLanguage":"es","@id":"https:\/\/zona7digital.com\/#\/schema\/logo\/image\/","url":"https:\/\/zona7digital.com\/wp-content\/uploads\/2023\/11\/cropped-Fondo-Blanco.png","contentUrl":"https:\/\/zona7digital.com\/wp-content\/uploads\/2023\/11\/cropped-Fondo-Blanco.png","width":847,"height":356,"caption":"zona7digital.com"},"image":{"@id":"https:\/\/zona7digital.com\/#\/schema\/logo\/image\/"}}]}},"_links":{"self":[{"href":"https:\/\/zona7digital.com\/index.php\/wp-json\/wp\/v2\/pages\/357","targetHints":{"allow":["GET"]}}],"collection":[{"href":"https:\/\/zona7digital.com\/index.php\/wp-json\/wp\/v2\/pages"}],"about":[{"href":"https:\/\/zona7digital.com\/index.php\/wp-json\/wp\/v2\/types\/page"}],"author":[{"embeddable":true,"href":"https:\/\/zona7digital.com\/index.php\/wp-json\/wp\/v2\/users\/1"}],"replies":[{"embeddable":true,"href":"https:\/\/zona7digital.com\/index.php\/wp-json\/wp\/v2\/comments?post=357"}],"version-history":[{"count":2,"href":"https:\/\/zona7digital.com\/index.php\/wp-json\/wp\/v2\/pages\/357\/revisions"}],"predecessor-version":[{"id":391,"href":"https:\/\/zona7digital.com\/index.php\/wp-json\/wp\/v2\/pages\/357\/revisions\/391"}],"wp:attachment":[{"href":"https:\/\/zona7digital.com\/index.php\/wp-json\/wp\/v2\/media?parent=357"}],"curies":[{"name":"wp","href":"https:\/\/api.w.org\/{rel}","templated":true}]}}