{"id":355,"date":"2024-02-11T20:47:29","date_gmt":"2024-02-12T01:47:29","guid":{"rendered":"https:\/\/zona7digital.com\/?page_id=355"},"modified":"2024-02-11T20:47:29","modified_gmt":"2024-02-12T01:47:29","slug":"crm-analitica-dashboard","status":"publish","type":"page","link":"https:\/\/zona7digital.com\/index.php\/crm-analitica-dashboard\/","title":{"rendered":"Herramientas Digitales"},"content":{"rendered":"","protected":false},"excerpt":{"rendered":"","protected":false},"author":1,"featured_media":0,"parent":0,"menu_order":0,"comment_status":"closed","ping_status":"closed","template":"","meta":{"_et_pb_use_builder":"","_et_pb_old_content":"","_et_gb_content_width":"","content-type":"","_monsterinsights_skip_tracking":false,"_monsterinsights_sitenote_active":false,"_monsterinsights_sitenote_note":"","_monsterinsights_sitenote_category":0,"_joinchat":[],"footnotes":""},"class_list":["post-355","page","type-page","status-publish","hentry"],"yoast_head":"<!-- This site is optimized with the Yoast SEO plugin v27.3 - https:\/\/yoast.com\/product\/yoast-seo-wordpress\/ -->\n<title>Implementaci\u00f3n Herramientas digitales - CRM - ANALITICA<\/title>\n<meta name=\"description\" content=\"En Zona7 descubre c\u00f3mo mejorar la eficiencia y el rendimiento de tu negocio con nuestra especializaci\u00f3n en la implementaci\u00f3n de herramientas digitales clave, como CRM y anal\u00edticas. Desde la integraci\u00f3n inicial hasta la optimizaci\u00f3n continua, ayudamos a maximizar el potencial de tu negocio en el mundo digital.\" \/>\n<meta name=\"robots\" content=\"index, follow, max-snippet:-1, max-image-preview:large, max-video-preview:-1\" \/>\n<link rel=\"canonical\" href=\"https:\/\/zona7digital.com\/index.php\/crm-analitica-dashboard\/\" \/>\n<meta property=\"og:locale\" content=\"es_ES\" \/>\n<meta property=\"og:type\" content=\"article\" \/>\n<meta property=\"og:title\" content=\"Implementaci\u00f3n Herramientas digitales - CRM - ANALITICA\" \/>\n<meta property=\"og:description\" content=\"En Zona7 descubre c\u00f3mo mejorar la eficiencia y el rendimiento de tu negocio con nuestra especializaci\u00f3n en la implementaci\u00f3n de herramientas digitales clave, como CRM y anal\u00edticas. Desde la integraci\u00f3n inicial hasta la optimizaci\u00f3n continua, ayudamos a maximizar el potencial de tu negocio en el mundo digital.\" \/>\n<meta property=\"og:url\" content=\"https:\/\/zona7digital.com\/index.php\/crm-analitica-dashboard\/\" \/>\n<meta property=\"og:site_name\" content=\"zona7digital.com\" \/>\n<meta name=\"twitter:card\" content=\"summary_large_image\" \/>\n<script type=\"application\/ld+json\" class=\"yoast-schema-graph\">{\"@context\":\"https:\\\/\\\/schema.org\",\"@graph\":[{\"@type\":\"WebPage\",\"@id\":\"https:\\\/\\\/zona7digital.com\\\/index.php\\\/crm-analitica-dashboard\\\/\",\"url\":\"https:\\\/\\\/zona7digital.com\\\/index.php\\\/crm-analitica-dashboard\\\/\",\"name\":\"Implementaci\u00f3n Herramientas digitales - CRM - ANALITICA\",\"isPartOf\":{\"@id\":\"https:\\\/\\\/zona7digital.com\\\/#website\"},\"datePublished\":\"2024-02-12T01:47:29+00:00\",\"description\":\"En Zona7 descubre c\u00f3mo mejorar la eficiencia y el rendimiento de tu negocio con nuestra especializaci\u00f3n en la implementaci\u00f3n de herramientas digitales clave, como CRM y anal\u00edticas. Desde la integraci\u00f3n inicial hasta la optimizaci\u00f3n continua, ayudamos a maximizar el potencial de tu negocio en el mundo digital.\",\"breadcrumb\":{\"@id\":\"https:\\\/\\\/zona7digital.com\\\/index.php\\\/crm-analitica-dashboard\\\/#breadcrumb\"},\"inLanguage\":\"es\",\"potentialAction\":[{\"@type\":\"ReadAction\",\"target\":[\"https:\\\/\\\/zona7digital.com\\\/index.php\\\/crm-analitica-dashboard\\\/\"]}]},{\"@type\":\"BreadcrumbList\",\"@id\":\"https:\\\/\\\/zona7digital.com\\\/index.php\\\/crm-analitica-dashboard\\\/#breadcrumb\",\"itemListElement\":[{\"@type\":\"ListItem\",\"position\":1,\"name\":\"Inicio\",\"item\":\"https:\\\/\\\/zona7digital.com\\\/\"},{\"@type\":\"ListItem\",\"position\":2,\"name\":\"Herramientas Digitales\"}]},{\"@type\":\"WebSite\",\"@id\":\"https:\\\/\\\/zona7digital.com\\\/#website\",\"url\":\"https:\\\/\\\/zona7digital.com\\\/\",\"name\":\"zona7digital.com\",\"description\":\"Agencia digital\",\"publisher\":{\"@id\":\"https:\\\/\\\/zona7digital.com\\\/#organization\"},\"potentialAction\":[{\"@type\":\"SearchAction\",\"target\":{\"@type\":\"EntryPoint\",\"urlTemplate\":\"https:\\\/\\\/zona7digital.com\\\/?s={search_term_string}\"},\"query-input\":{\"@type\":\"PropertyValueSpecification\",\"valueRequired\":true,\"valueName\":\"search_term_string\"}}],\"inLanguage\":\"es\"},{\"@type\":\"Organization\",\"@id\":\"https:\\\/\\\/zona7digital.com\\\/#organization\",\"name\":\"zona7digital.com\",\"url\":\"https:\\\/\\\/zona7digital.com\\\/\",\"logo\":{\"@type\":\"ImageObject\",\"inLanguage\":\"es\",\"@id\":\"https:\\\/\\\/zona7digital.com\\\/#\\\/schema\\\/logo\\\/image\\\/\",\"url\":\"https:\\\/\\\/zona7digital.com\\\/wp-content\\\/uploads\\\/2023\\\/11\\\/cropped-Fondo-Blanco.png\",\"contentUrl\":\"https:\\\/\\\/zona7digital.com\\\/wp-content\\\/uploads\\\/2023\\\/11\\\/cropped-Fondo-Blanco.png\",\"width\":847,\"height\":356,\"caption\":\"zona7digital.com\"},\"image\":{\"@id\":\"https:\\\/\\\/zona7digital.com\\\/#\\\/schema\\\/logo\\\/image\\\/\"}}]}<\/script>\n<!-- \/ Yoast SEO plugin. -->","yoast_head_json":{"title":"Implementaci\u00f3n Herramientas digitales - CRM - ANALITICA","description":"En Zona7 descubre c\u00f3mo mejorar la eficiencia y el rendimiento de tu negocio con nuestra especializaci\u00f3n en la implementaci\u00f3n de herramientas digitales clave, como CRM y anal\u00edticas. Desde la integraci\u00f3n inicial hasta la optimizaci\u00f3n continua, ayudamos a maximizar el potencial de tu negocio en el mundo digital.","robots":{"index":"index","follow":"follow","max-snippet":"max-snippet:-1","max-image-preview":"max-image-preview:large","max-video-preview":"max-video-preview:-1"},"canonical":"https:\/\/zona7digital.com\/index.php\/crm-analitica-dashboard\/","og_locale":"es_ES","og_type":"article","og_title":"Implementaci\u00f3n Herramientas digitales - CRM - ANALITICA","og_description":"En Zona7 descubre c\u00f3mo mejorar la eficiencia y el rendimiento de tu negocio con nuestra especializaci\u00f3n en la implementaci\u00f3n de herramientas digitales clave, como CRM y anal\u00edticas. Desde la integraci\u00f3n inicial hasta la optimizaci\u00f3n continua, ayudamos a maximizar el potencial de tu negocio en el mundo digital.","og_url":"https:\/\/zona7digital.com\/index.php\/crm-analitica-dashboard\/","og_site_name":"zona7digital.com","twitter_card":"summary_large_image","schema":{"@context":"https:\/\/schema.org","@graph":[{"@type":"WebPage","@id":"https:\/\/zona7digital.com\/index.php\/crm-analitica-dashboard\/","url":"https:\/\/zona7digital.com\/index.php\/crm-analitica-dashboard\/","name":"Implementaci\u00f3n Herramientas digitales - CRM - ANALITICA","isPartOf":{"@id":"https:\/\/zona7digital.com\/#website"},"datePublished":"2024-02-12T01:47:29+00:00","description":"En Zona7 descubre c\u00f3mo mejorar la eficiencia y el rendimiento de tu negocio con nuestra especializaci\u00f3n en la implementaci\u00f3n de herramientas digitales clave, como CRM y anal\u00edticas. Desde la integraci\u00f3n inicial hasta la optimizaci\u00f3n continua, ayudamos a maximizar el potencial de tu negocio en el mundo digital.","breadcrumb":{"@id":"https:\/\/zona7digital.com\/index.php\/crm-analitica-dashboard\/#breadcrumb"},"inLanguage":"es","potentialAction":[{"@type":"ReadAction","target":["https:\/\/zona7digital.com\/index.php\/crm-analitica-dashboard\/"]}]},{"@type":"BreadcrumbList","@id":"https:\/\/zona7digital.com\/index.php\/crm-analitica-dashboard\/#breadcrumb","itemListElement":[{"@type":"ListItem","position":1,"name":"Inicio","item":"https:\/\/zona7digital.com\/"},{"@type":"ListItem","position":2,"name":"Herramientas Digitales"}]},{"@type":"WebSite","@id":"https:\/\/zona7digital.com\/#website","url":"https:\/\/zona7digital.com\/","name":"zona7digital.com","description":"Agencia digital","publisher":{"@id":"https:\/\/zona7digital.com\/#organization"},"potentialAction":[{"@type":"SearchAction","target":{"@type":"EntryPoint","urlTemplate":"https:\/\/zona7digital.com\/?s={search_term_string}"},"query-input":{"@type":"PropertyValueSpecification","valueRequired":true,"valueName":"search_term_string"}}],"inLanguage":"es"},{"@type":"Organization","@id":"https:\/\/zona7digital.com\/#organization","name":"zona7digital.com","url":"https:\/\/zona7digital.com\/","logo":{"@type":"ImageObject","inLanguage":"es","@id":"https:\/\/zona7digital.com\/#\/schema\/logo\/image\/","url":"https:\/\/zona7digital.com\/wp-content\/uploads\/2023\/11\/cropped-Fondo-Blanco.png","contentUrl":"https:\/\/zona7digital.com\/wp-content\/uploads\/2023\/11\/cropped-Fondo-Blanco.png","width":847,"height":356,"caption":"zona7digital.com"},"image":{"@id":"https:\/\/zona7digital.com\/#\/schema\/logo\/image\/"}}]}},"_links":{"self":[{"href":"https:\/\/zona7digital.com\/index.php\/wp-json\/wp\/v2\/pages\/355","targetHints":{"allow":["GET"]}}],"collection":[{"href":"https:\/\/zona7digital.com\/index.php\/wp-json\/wp\/v2\/pages"}],"about":[{"href":"https:\/\/zona7digital.com\/index.php\/wp-json\/wp\/v2\/types\/page"}],"author":[{"embeddable":true,"href":"https:\/\/zona7digital.com\/index.php\/wp-json\/wp\/v2\/users\/1"}],"replies":[{"embeddable":true,"href":"https:\/\/zona7digital.com\/index.php\/wp-json\/wp\/v2\/comments?post=355"}],"version-history":[{"count":1,"href":"https:\/\/zona7digital.com\/index.php\/wp-json\/wp\/v2\/pages\/355\/revisions"}],"predecessor-version":[{"id":356,"href":"https:\/\/zona7digital.com\/index.php\/wp-json\/wp\/v2\/pages\/355\/revisions\/356"}],"wp:attachment":[{"href":"https:\/\/zona7digital.com\/index.php\/wp-json\/wp\/v2\/media?parent=355"}],"curies":[{"name":"wp","href":"https:\/\/api.w.org\/{rel}","templated":true}]}}