{"id":353,"date":"2024-02-11T20:43:29","date_gmt":"2024-02-12T01:43:29","guid":{"rendered":"https:\/\/zona7digital.com\/?page_id=353"},"modified":"2024-09-19T12:43:22","modified_gmt":"2024-09-19T17:43:22","slug":"campanas-publicitarias-redes-sociales-busqueda-google-ads-meta-ads","status":"publish","type":"page","link":"https:\/\/zona7digital.com\/index.php\/campanas-publicitarias-redes-sociales-busqueda-google-ads-meta-ads\/","title":{"rendered":"Campa\u00f1as"},"content":{"rendered":"[et_pb_section admin_label=\u00bbsection\u00bb]\n\t\t\t[et_pb_row admin_label=\u00bbrow\u00bb]\n\t\t\t\t[et_pb_column type=\u00bb4_4&#8243;][et_pb_text admin_label=\u00bbText\u00bb][\/et_pb_text][\/et_pb_column]\n\t\t\t[\/et_pb_row]\n\t\t[\/et_pb_section]","protected":false},"excerpt":{"rendered":"","protected":false},"author":1,"featured_media":0,"parent":0,"menu_order":0,"comment_status":"closed","ping_status":"closed","template":"","meta":{"_et_pb_use_builder":"on","_et_pb_old_content":"<!-- wp:divi\/placeholder \/-->","_et_gb_content_width":"","content-type":"","_monsterinsights_skip_tracking":false,"_monsterinsights_sitenote_active":false,"_monsterinsights_sitenote_note":"","_monsterinsights_sitenote_category":0,"_joinchat":[],"footnotes":""},"class_list":["post-353","page","type-page","status-publish","hentry"],"yoast_head":"<!-- This site is optimized with the Yoast SEO plugin v27.3 - https:\/\/yoast.com\/product\/yoast-seo-wordpress\/ -->\n<title>Campa\u00f1as publicitarias digitales - Google Ads -Meta Ads<\/title>\n<meta name=\"description\" content=\"En Zona7 ofrecemos las herramientas para impulsar el \u00e9xito de tus campa\u00f1as publicitarias en l\u00ednea. Con an\u00e1lisis profundos, segmentaci\u00f3n precisa y una interfaz intuitiva, maximiza tu ROI y alcanza tus objetivos de marketing de manera efectiva. Google Ads y Meta Ads\" \/>\n<meta name=\"robots\" content=\"index, follow, max-snippet:-1, max-image-preview:large, max-video-preview:-1\" \/>\n<link rel=\"canonical\" href=\"https:\/\/zona7digital.com\/index.php\/campanas-publicitarias-redes-sociales-busqueda-google-ads-meta-ads\/\" \/>\n<meta property=\"og:locale\" content=\"es_ES\" \/>\n<meta property=\"og:type\" content=\"article\" \/>\n<meta property=\"og:title\" content=\"Campa\u00f1as publicitarias digitales - Google Ads -Meta Ads\" \/>\n<meta property=\"og:description\" content=\"En Zona7 ofrecemos las herramientas para impulsar el \u00e9xito de tus campa\u00f1as publicitarias en l\u00ednea. Con an\u00e1lisis profundos, segmentaci\u00f3n precisa y una interfaz intuitiva, maximiza tu ROI y alcanza tus objetivos de marketing de manera efectiva. Google Ads y Meta Ads\" \/>\n<meta property=\"og:url\" content=\"https:\/\/zona7digital.com\/index.php\/campanas-publicitarias-redes-sociales-busqueda-google-ads-meta-ads\/\" \/>\n<meta property=\"og:site_name\" content=\"zona7digital.com\" \/>\n<meta property=\"article:modified_time\" content=\"2024-09-19T17:43:22+00:00\" \/>\n<meta name=\"twitter:card\" content=\"summary_large_image\" \/>\n<script type=\"application\/ld+json\" class=\"yoast-schema-graph\">{\"@context\":\"https:\\\/\\\/schema.org\",\"@graph\":[{\"@type\":\"WebPage\",\"@id\":\"https:\\\/\\\/zona7digital.com\\\/index.php\\\/campanas-publicitarias-redes-sociales-busqueda-google-ads-meta-ads\\\/\",\"url\":\"https:\\\/\\\/zona7digital.com\\\/index.php\\\/campanas-publicitarias-redes-sociales-busqueda-google-ads-meta-ads\\\/\",\"name\":\"Campa\u00f1as publicitarias digitales - Google Ads -Meta Ads\",\"isPartOf\":{\"@id\":\"https:\\\/\\\/zona7digital.com\\\/#website\"},\"datePublished\":\"2024-02-12T01:43:29+00:00\",\"dateModified\":\"2024-09-19T17:43:22+00:00\",\"description\":\"En Zona7 ofrecemos las herramientas para impulsar el \u00e9xito de tus campa\u00f1as publicitarias en l\u00ednea. Con an\u00e1lisis profundos, segmentaci\u00f3n precisa y una interfaz intuitiva, maximiza tu ROI y alcanza tus objetivos de marketing de manera efectiva. Google Ads y Meta Ads\",\"breadcrumb\":{\"@id\":\"https:\\\/\\\/zona7digital.com\\\/index.php\\\/campanas-publicitarias-redes-sociales-busqueda-google-ads-meta-ads\\\/#breadcrumb\"},\"inLanguage\":\"es\",\"potentialAction\":[{\"@type\":\"ReadAction\",\"target\":[\"https:\\\/\\\/zona7digital.com\\\/index.php\\\/campanas-publicitarias-redes-sociales-busqueda-google-ads-meta-ads\\\/\"]}]},{\"@type\":\"BreadcrumbList\",\"@id\":\"https:\\\/\\\/zona7digital.com\\\/index.php\\\/campanas-publicitarias-redes-sociales-busqueda-google-ads-meta-ads\\\/#breadcrumb\",\"itemListElement\":[{\"@type\":\"ListItem\",\"position\":1,\"name\":\"Inicio\",\"item\":\"https:\\\/\\\/zona7digital.com\\\/\"},{\"@type\":\"ListItem\",\"position\":2,\"name\":\"Campa\u00f1as\"}]},{\"@type\":\"WebSite\",\"@id\":\"https:\\\/\\\/zona7digital.com\\\/#website\",\"url\":\"https:\\\/\\\/zona7digital.com\\\/\",\"name\":\"zona7digital.com\",\"description\":\"Agencia digital\",\"publisher\":{\"@id\":\"https:\\\/\\\/zona7digital.com\\\/#organization\"},\"potentialAction\":[{\"@type\":\"SearchAction\",\"target\":{\"@type\":\"EntryPoint\",\"urlTemplate\":\"https:\\\/\\\/zona7digital.com\\\/?s={search_term_string}\"},\"query-input\":{\"@type\":\"PropertyValueSpecification\",\"valueRequired\":true,\"valueName\":\"search_term_string\"}}],\"inLanguage\":\"es\"},{\"@type\":\"Organization\",\"@id\":\"https:\\\/\\\/zona7digital.com\\\/#organization\",\"name\":\"zona7digital.com\",\"url\":\"https:\\\/\\\/zona7digital.com\\\/\",\"logo\":{\"@type\":\"ImageObject\",\"inLanguage\":\"es\",\"@id\":\"https:\\\/\\\/zona7digital.com\\\/#\\\/schema\\\/logo\\\/image\\\/\",\"url\":\"https:\\\/\\\/zona7digital.com\\\/wp-content\\\/uploads\\\/2023\\\/11\\\/cropped-Fondo-Blanco.png\",\"contentUrl\":\"https:\\\/\\\/zona7digital.com\\\/wp-content\\\/uploads\\\/2023\\\/11\\\/cropped-Fondo-Blanco.png\",\"width\":847,\"height\":356,\"caption\":\"zona7digital.com\"},\"image\":{\"@id\":\"https:\\\/\\\/zona7digital.com\\\/#\\\/schema\\\/logo\\\/image\\\/\"}}]}<\/script>\n<!-- \/ Yoast SEO plugin. -->","yoast_head_json":{"title":"Campa\u00f1as publicitarias digitales - Google Ads -Meta Ads","description":"En Zona7 ofrecemos las herramientas para impulsar el \u00e9xito de tus campa\u00f1as publicitarias en l\u00ednea. Con an\u00e1lisis profundos, segmentaci\u00f3n precisa y una interfaz intuitiva, maximiza tu ROI y alcanza tus objetivos de marketing de manera efectiva. Google Ads y Meta Ads","robots":{"index":"index","follow":"follow","max-snippet":"max-snippet:-1","max-image-preview":"max-image-preview:large","max-video-preview":"max-video-preview:-1"},"canonical":"https:\/\/zona7digital.com\/index.php\/campanas-publicitarias-redes-sociales-busqueda-google-ads-meta-ads\/","og_locale":"es_ES","og_type":"article","og_title":"Campa\u00f1as publicitarias digitales - Google Ads -Meta Ads","og_description":"En Zona7 ofrecemos las herramientas para impulsar el \u00e9xito de tus campa\u00f1as publicitarias en l\u00ednea. Con an\u00e1lisis profundos, segmentaci\u00f3n precisa y una interfaz intuitiva, maximiza tu ROI y alcanza tus objetivos de marketing de manera efectiva. Google Ads y Meta Ads","og_url":"https:\/\/zona7digital.com\/index.php\/campanas-publicitarias-redes-sociales-busqueda-google-ads-meta-ads\/","og_site_name":"zona7digital.com","article_modified_time":"2024-09-19T17:43:22+00:00","twitter_card":"summary_large_image","schema":{"@context":"https:\/\/schema.org","@graph":[{"@type":"WebPage","@id":"https:\/\/zona7digital.com\/index.php\/campanas-publicitarias-redes-sociales-busqueda-google-ads-meta-ads\/","url":"https:\/\/zona7digital.com\/index.php\/campanas-publicitarias-redes-sociales-busqueda-google-ads-meta-ads\/","name":"Campa\u00f1as publicitarias digitales - Google Ads -Meta Ads","isPartOf":{"@id":"https:\/\/zona7digital.com\/#website"},"datePublished":"2024-02-12T01:43:29+00:00","dateModified":"2024-09-19T17:43:22+00:00","description":"En Zona7 ofrecemos las herramientas para impulsar el \u00e9xito de tus campa\u00f1as publicitarias en l\u00ednea. Con an\u00e1lisis profundos, segmentaci\u00f3n precisa y una interfaz intuitiva, maximiza tu ROI y alcanza tus objetivos de marketing de manera efectiva. Google Ads y Meta Ads","breadcrumb":{"@id":"https:\/\/zona7digital.com\/index.php\/campanas-publicitarias-redes-sociales-busqueda-google-ads-meta-ads\/#breadcrumb"},"inLanguage":"es","potentialAction":[{"@type":"ReadAction","target":["https:\/\/zona7digital.com\/index.php\/campanas-publicitarias-redes-sociales-busqueda-google-ads-meta-ads\/"]}]},{"@type":"BreadcrumbList","@id":"https:\/\/zona7digital.com\/index.php\/campanas-publicitarias-redes-sociales-busqueda-google-ads-meta-ads\/#breadcrumb","itemListElement":[{"@type":"ListItem","position":1,"name":"Inicio","item":"https:\/\/zona7digital.com\/"},{"@type":"ListItem","position":2,"name":"Campa\u00f1as"}]},{"@type":"WebSite","@id":"https:\/\/zona7digital.com\/#website","url":"https:\/\/zona7digital.com\/","name":"zona7digital.com","description":"Agencia digital","publisher":{"@id":"https:\/\/zona7digital.com\/#organization"},"potentialAction":[{"@type":"SearchAction","target":{"@type":"EntryPoint","urlTemplate":"https:\/\/zona7digital.com\/?s={search_term_string}"},"query-input":{"@type":"PropertyValueSpecification","valueRequired":true,"valueName":"search_term_string"}}],"inLanguage":"es"},{"@type":"Organization","@id":"https:\/\/zona7digital.com\/#organization","name":"zona7digital.com","url":"https:\/\/zona7digital.com\/","logo":{"@type":"ImageObject","inLanguage":"es","@id":"https:\/\/zona7digital.com\/#\/schema\/logo\/image\/","url":"https:\/\/zona7digital.com\/wp-content\/uploads\/2023\/11\/cropped-Fondo-Blanco.png","contentUrl":"https:\/\/zona7digital.com\/wp-content\/uploads\/2023\/11\/cropped-Fondo-Blanco.png","width":847,"height":356,"caption":"zona7digital.com"},"image":{"@id":"https:\/\/zona7digital.com\/#\/schema\/logo\/image\/"}}]}},"_links":{"self":[{"href":"https:\/\/zona7digital.com\/index.php\/wp-json\/wp\/v2\/pages\/353","targetHints":{"allow":["GET"]}}],"collection":[{"href":"https:\/\/zona7digital.com\/index.php\/wp-json\/wp\/v2\/pages"}],"about":[{"href":"https:\/\/zona7digital.com\/index.php\/wp-json\/wp\/v2\/types\/page"}],"author":[{"embeddable":true,"href":"https:\/\/zona7digital.com\/index.php\/wp-json\/wp\/v2\/users\/1"}],"replies":[{"embeddable":true,"href":"https:\/\/zona7digital.com\/index.php\/wp-json\/wp\/v2\/comments?post=353"}],"version-history":[{"count":2,"href":"https:\/\/zona7digital.com\/index.php\/wp-json\/wp\/v2\/pages\/353\/revisions"}],"predecessor-version":[{"id":384,"href":"https:\/\/zona7digital.com\/index.php\/wp-json\/wp\/v2\/pages\/353\/revisions\/384"}],"wp:attachment":[{"href":"https:\/\/zona7digital.com\/index.php\/wp-json\/wp\/v2\/media?parent=353"}],"curies":[{"name":"wp","href":"https:\/\/api.w.org\/{rel}","templated":true}]}}