{"id":275,"date":"2024-02-07T10:27:59","date_gmt":"2024-02-07T15:27:59","guid":{"rendered":"https:\/\/zona7digital.com\/?page_id=275"},"modified":"2024-02-11T22:47:36","modified_gmt":"2024-02-12T03:47:36","slug":"gestion-redes-sociales-estrategia-objetivos-marketing","status":"publish","type":"page","link":"https:\/\/zona7digital.com\/index.php\/gestion-redes-sociales-estrategia-objetivos-marketing\/","title":{"rendered":"Gesti\u00f3n Social Media"},"content":{"rendered":"<p>[et_pb_section fb_built=\u00bb1&#8243; admin_label=\u00bbServices\u00bb _builder_version=\u00bb4.19.5&#8243; _module_preset=\u00bbdefault\u00bb background_color=\u00bbgcid-9ae412ef-a7ae-42a5-ab5b-f691fccab059&#8243; use_background_color_gradient=\u00bbon\u00bb background_color_gradient_stops=\u00bbgcid-9ae412ef-a7ae-42a5-ab5b-f691fccab059 0%|rgba(255,255,255,0) 20%|rgba(255,255,255,0) 80%|gcid-9ae412ef-a7ae-42a5-ab5b-f691fccab059 100%\u00bb background_color_gradient_overlays_image=\u00bbon\u00bb background_image=\u00bbhttp:\/\/zona7digital.com\/wp-content\/uploads\/2024\/01\/financial-technology-31c-scaled.webp\u00bb background_enable_pattern_style=\u00bbon\u00bb background_pattern_style=\u00bbscallops\u00bb background_pattern_color=\u00bbrgba(0,0,0,0.6)\u00bb background_pattern_size=\u00bbcustom\u00bb background_pattern_width=\u00bb8px\u00bb min_height=\u00bb438px\u00bb custom_margin=\u00bb||-19px|||\u00bb custom_padding=\u00bb0px||0vw||false|false\u00bb locked=\u00bboff\u00bb collapsed=\u00bbon\u00bb global_colors_info=\u00bb{%22gcid-9ae412ef-a7ae-42a5-ab5b-f691fccab059%22:%91%22background_color%22,%22background_color_gradient_stops%22%93}\u00bb theme_builder_area=\u00bbpost_content\u00bb][et_pb_row _builder_version=\u00bb4.24.0&#8243; _module_preset=\u00bbdefault\u00bb theme_builder_area=\u00bbpost_content\u00bb width=\u00bb80.1%\u00bb hover_enabled=\u00bb0&#8243; sticky_enabled=\u00bb0&#8243; width_last_edited=\u00bbon|phone\u00bb width_phone=\u00bb100%\u00bb max_width=\u00bb1069px\u00bb min_height_last_edited=\u00bbon|phone\u00bb height=\u00bb177px\u00bb max_height=\u00bb1000px\u00bb width_tablet=\u00bb80.1%\u00bb][et_pb_column _builder_version=\u00bb4.24.0&#8243; _module_preset=\u00bbdefault\u00bb type=\u00bb4_4&#8243; theme_builder_area=\u00bbpost_content\u00bb hover_enabled=\u00bb0&#8243; sticky_enabled=\u00bb0&#8243;][et_pb_image src=\u00bbhttps:\/\/zona7digital.com\/wp-content\/uploads\/2024\/02\/Gestion-Social-media-1.png\u00bb _builder_version=\u00bb4.24.0&#8243; _module_preset=\u00bbdefault\u00bb theme_builder_area=\u00bbpost_content\u00bb alt=\u00bbGesti\u00f3n Social Media\u00bb title_text=\u00bbGesti\u00f3n Social media\u00bb min_height=\u00bb114px\u00bb src_last_edited=\u00bbon|phone\u00bb src_phone=\u00bbhttps:\/\/zona7digital.com\/wp-content\/uploads\/2024\/02\/Gestion-Social-media-1.png\u00bb hover_enabled=\u00bb0&#8243; sticky_enabled=\u00bb0&#8243; src_tablet=\u00bbhttps:\/\/zona7digital.com\/wp-content\/uploads\/2024\/02\/Gestion-Social-media-1.png\u00bb][\/et_pb_image][\/et_pb_column][\/et_pb_row][et_pb_row column_structure=\u00bb1_2,1_2&#8243; make_equal=\u00bbon\u00bb _builder_version=\u00bb4.19.2&#8243; _module_preset=\u00bbdefault\u00bb global_colors_info=\u00bb{}\u00bb theme_builder_area=\u00bbpost_content\u00bb custom_margin=\u00bb|auto|40px|auto||\u00bb][et_pb_column type=\u00bb1_2&#8243; _builder_version=\u00bb4.19.2&#8243; _module_preset=\u00bbdefault\u00bb background_color=\u00bb#151726&#8243; custom_padding=\u00bb60px|60px|60px|60px|true|true\u00bb custom_padding_tablet=\u00bb30px|30px|30px|30px|true|true\u00bb custom_padding_phone=\u00bb20px|20px|20px|20px|true|true\u00bb custom_padding_last_edited=\u00bbon|tablet\u00bb border_radii=\u00bbon|30px|30px|30px|30px\u00bb global_colors_info=\u00bb{}\u00bb theme_builder_area=\u00bbpost_content\u00bb][et_pb_text _builder_version=\u00bb4.24.0&#8243; _module_preset=\u00bb7d89b8c4-e109-45e4-964b-7f42a693a9db\u00bb hover_enabled=\u00bb0&#8243; global_colors_info=\u00bb{}\u00bb theme_builder_area=\u00bbpost_content\u00bb text_orientation=\u00bbcenter\u00bb sticky_enabled=\u00bb0&#8243;]<\/p>\n<h3>Redes Sociales<\/h3>\n<p>[\/et_pb_text][et_pb_blurb use_icon=\u00bbon\u00bb font_icon=\u00bb&#xe052;||divi||400&#8243; _builder_version=\u00bb4.24.0&#8243; _module_preset=\u00bb70594b49-6ee8-45eb-9326-2ab41bce60dd\u00bb hover_enabled=\u00bb0&#8243; locked=\u00bboff\u00bb global_colors_info=\u00bb{%22gcid-f8a81bcb-7a6c-4824-875d-1e4bcf05cdd1%22:%91%22icon_color%22%93}\u00bb theme_builder_area=\u00bbpost_content\u00bb text_shadow_style=\u00bbpreset1&#8243; text_orientation=\u00bbjustified\u00bb header_font_size=\u00bb44px\u00bb icon_color=\u00bbgcid-f8a81bcb-7a6c-4824-875d-1e4bcf05cdd1&#8243; sticky_enabled=\u00bb0&#8243; body_font_size=\u00bb24px\u00bb body_text_align=\u00bbleft\u00bb custom_margin=\u00bb-13px|||||\u00bb]<\/p>\n<p>En <span style=\"color: #8704f9;\"><strong>Zona7<\/strong><\/span> comprendemos el uso estrat\u00e9gico de las redes sociales para incrementar la audiencia e ingresos de tu negocio o emprendimiento.<\/p>\n<p>Te ayudamos a articular tus objetivos de ventas, marketing y relacionamiento con tu cliente.<\/p>\n<p>[\/et_pb_blurb][\/et_pb_column][et_pb_column type=\u00bb1_2&#8243; _builder_version=\u00bb4.19.2&#8243; _module_preset=\u00bbdefault\u00bb background_color=\u00bb#151726&#8243; custom_padding=\u00bb60px|60px|60px|60px|true|true\u00bb custom_padding_tablet=\u00bb30px|30px|30px|30px|true|true\u00bb custom_padding_phone=\u00bb20px|20px|20px|20px|true|true\u00bb custom_padding_last_edited=\u00bbon|tablet\u00bb border_radii=\u00bbon|30px|30px|30px|30px\u00bb global_colors_info=\u00bb{}\u00bb theme_builder_area=\u00bbpost_content\u00bb][et_pb_text _builder_version=\u00bb4.24.0&#8243; _module_preset=\u00bb7d89b8c4-e109-45e4-964b-7f42a693a9db\u00bb hover_enabled=\u00bb0&#8243; global_colors_info=\u00bb{}\u00bb theme_builder_area=\u00bbpost_content\u00bb sticky_enabled=\u00bb0&#8243;]<\/p>\n<h3>C\u00f3mo gestionamos tus Redes Sociales<\/h3>\n<p>[\/et_pb_text][et_pb_blurb use_icon=\u00bbon\u00bb font_icon=\u00bb&#xe052;||divi||400&#8243; icon_color=\u00bb#FC6D36&#8243; _builder_version=\u00bb4.24.0&#8243; _module_preset=\u00bb70594b49-6ee8-45eb-9326-2ab41bce60dd\u00bb hover_enabled=\u00bb0&#8243; locked=\u00bboff\u00bb global_colors_info=\u00bb{}\u00bb theme_builder_area=\u00bbpost_content\u00bb sticky_enabled=\u00bb0&#8243;]<\/p>\n<p>Desarrollamos y articulamos una estrategia de redes sociales seg\u00fan tu perfil de negocio<\/p>\n<p>[\/et_pb_blurb][et_pb_blurb use_icon=\u00bbon\u00bb font_icon=\u00bb&#xe052;||divi||400&#8243; icon_color=\u00bb#FC6D36&#8243; _builder_version=\u00bb4.24.0&#8243; _module_preset=\u00bb70594b49-6ee8-45eb-9326-2ab41bce60dd\u00bb hover_enabled=\u00bb0&#8243; locked=\u00bboff\u00bb global_colors_info=\u00bb{}\u00bb theme_builder_area=\u00bbpost_content\u00bb sticky_enabled=\u00bb0&#8243;]<\/p>\n<p>Creamos y publicamos contenido para las redes<\/p>\n<p>[\/et_pb_blurb][et_pb_blurb use_icon=\u00bbon\u00bb font_icon=\u00bb&#xe052;||divi||400&#8243; icon_color=\u00bb#FC6D36&#8243; _builder_version=\u00bb4.24.0&#8243; _module_preset=\u00bb70594b49-6ee8-45eb-9326-2ab41bce60dd\u00bb hover_enabled=\u00bb0&#8243; locked=\u00bboff\u00bb global_colors_info=\u00bb{}\u00bb theme_builder_area=\u00bbpost_content\u00bb sticky_enabled=\u00bb0&#8243;]<\/p>\n<p>Creamos y gestionamos anuncios en redes sociales<\/p>\n<p>[\/et_pb_blurb][et_pb_blurb use_icon=\u00bbon\u00bb font_icon=\u00bb&#xe052;||divi||400&#8243; icon_color=\u00bb#FC6D36&#8243; _builder_version=\u00bb4.24.0&#8243; _module_preset=\u00bb70594b49-6ee8-45eb-9326-2ab41bce60dd\u00bb hover_enabled=\u00bb0&#8243; locked=\u00bboff\u00bb global_colors_info=\u00bb{}\u00bb theme_builder_area=\u00bbpost_content\u00bb sticky_enabled=\u00bb0&#8243;]<\/p>\n<p>Analizamos las m\u00e9tricas de rendimiento y realizamos los informes para la toma de desiciones.<\/p>\n<p>[\/et_pb_blurb][\/et_pb_column][\/et_pb_row][\/et_pb_section]<\/p>\n","protected":false},"excerpt":{"rendered":"<p>Redes SocialesEn Zona7 comprendemos el uso estrat\u00e9gico de las redes sociales para incrementar la audiencia e ingresos de tu negocio o emprendimiento. Te ayudamos a articular tus objetivos de ventas, marketing y relacionamiento con tu cliente.C\u00f3mo gestionamos tus Redes SocialesDesarrollamos y articulamos una estrategia de redes sociales seg\u00fan tu perfil de negocioCreamos y publicamos contenido [&hellip;]<\/p>\n","protected":false},"author":1,"featured_media":0,"parent":0,"menu_order":0,"comment_status":"closed","ping_status":"closed","template":"","meta":{"_et_pb_use_builder":"on","_et_pb_old_content":"<!-- wp:divi\/placeholder \/-->","_et_gb_content_width":"","content-type":"","_monsterinsights_skip_tracking":false,"_monsterinsights_sitenote_active":false,"_monsterinsights_sitenote_note":"","_monsterinsights_sitenote_category":0,"_joinchat":[],"footnotes":""},"class_list":["post-275","page","type-page","status-publish","hentry"],"yoast_head":"<!-- This site is optimized with the Yoast SEO plugin v27.3 - https:\/\/yoast.com\/product\/yoast-seo-wordpress\/ -->\n<title>Gesti\u00f3n Social Media - zona7digital.com<\/title>\n<meta name=\"description\" content=\"En Zona7 Agencia, ofrecemos soluciones integrales para el manejo y gesti\u00f3n efectiva de redes sociales. Desde la creaci\u00f3n de contenido estrat\u00e9gico hasta el an\u00e1lisis de datos y la optimizaci\u00f3n de campa\u00f1as, ayudamos a las marcas a maximizar su presencia en l\u00ednea y a alcanzar sus objetivos de marketing. Descubre c\u00f3mo nuestra experiencia y enfoque personalizado pueden impulsar el \u00e9xito de tu negocio en el mundo digital\" \/>\n<meta name=\"robots\" content=\"index, follow, max-snippet:-1, max-image-preview:large, max-video-preview:-1\" \/>\n<link rel=\"canonical\" href=\"https:\/\/zona7digital.com\/index.php\/gestion-redes-sociales-estrategia-objetivos-marketing\/\" \/>\n<meta property=\"og:locale\" content=\"es_ES\" \/>\n<meta property=\"og:type\" content=\"article\" \/>\n<meta property=\"og:title\" content=\"Gesti\u00f3n Social Media - zona7digital.com\" \/>\n<meta property=\"og:description\" content=\"En Zona7 Agencia, ofrecemos soluciones integrales para el manejo y gesti\u00f3n efectiva de redes sociales. Desde la creaci\u00f3n de contenido estrat\u00e9gico hasta el an\u00e1lisis de datos y la optimizaci\u00f3n de campa\u00f1as, ayudamos a las marcas a maximizar su presencia en l\u00ednea y a alcanzar sus objetivos de marketing. Descubre c\u00f3mo nuestra experiencia y enfoque personalizado pueden impulsar el \u00e9xito de tu negocio en el mundo digital\" \/>\n<meta property=\"og:url\" content=\"https:\/\/zona7digital.com\/index.php\/gestion-redes-sociales-estrategia-objetivos-marketing\/\" \/>\n<meta property=\"og:site_name\" content=\"zona7digital.com\" \/>\n<meta property=\"article:modified_time\" content=\"2024-02-12T03:47:36+00:00\" \/>\n<meta name=\"twitter:card\" content=\"summary_large_image\" \/>\n<script type=\"application\/ld+json\" class=\"yoast-schema-graph\">{\"@context\":\"https:\\\/\\\/schema.org\",\"@graph\":[{\"@type\":\"WebPage\",\"@id\":\"https:\\\/\\\/zona7digital.com\\\/index.php\\\/gestion-redes-sociales-estrategia-objetivos-marketing\\\/\",\"url\":\"https:\\\/\\\/zona7digital.com\\\/index.php\\\/gestion-redes-sociales-estrategia-objetivos-marketing\\\/\",\"name\":\"Gesti\u00f3n Social Media - zona7digital.com\",\"isPartOf\":{\"@id\":\"https:\\\/\\\/zona7digital.com\\\/#website\"},\"datePublished\":\"2024-02-07T15:27:59+00:00\",\"dateModified\":\"2024-02-12T03:47:36+00:00\",\"description\":\"En Zona7 Agencia, ofrecemos soluciones integrales para el manejo y gesti\u00f3n efectiva de redes sociales. Desde la creaci\u00f3n de contenido estrat\u00e9gico hasta el an\u00e1lisis de datos y la optimizaci\u00f3n de campa\u00f1as, ayudamos a las marcas a maximizar su presencia en l\u00ednea y a alcanzar sus objetivos de marketing. Descubre c\u00f3mo nuestra experiencia y enfoque personalizado pueden impulsar el \u00e9xito de tu negocio en el mundo digital\",\"breadcrumb\":{\"@id\":\"https:\\\/\\\/zona7digital.com\\\/index.php\\\/gestion-redes-sociales-estrategia-objetivos-marketing\\\/#breadcrumb\"},\"inLanguage\":\"es\",\"potentialAction\":[{\"@type\":\"ReadAction\",\"target\":[\"https:\\\/\\\/zona7digital.com\\\/index.php\\\/gestion-redes-sociales-estrategia-objetivos-marketing\\\/\"]}]},{\"@type\":\"BreadcrumbList\",\"@id\":\"https:\\\/\\\/zona7digital.com\\\/index.php\\\/gestion-redes-sociales-estrategia-objetivos-marketing\\\/#breadcrumb\",\"itemListElement\":[{\"@type\":\"ListItem\",\"position\":1,\"name\":\"Inicio\",\"item\":\"https:\\\/\\\/zona7digital.com\\\/\"},{\"@type\":\"ListItem\",\"position\":2,\"name\":\"Gesti\u00f3n Social Media\"}]},{\"@type\":\"WebSite\",\"@id\":\"https:\\\/\\\/zona7digital.com\\\/#website\",\"url\":\"https:\\\/\\\/zona7digital.com\\\/\",\"name\":\"zona7digital.com\",\"description\":\"Agencia digital\",\"publisher\":{\"@id\":\"https:\\\/\\\/zona7digital.com\\\/#organization\"},\"potentialAction\":[{\"@type\":\"SearchAction\",\"target\":{\"@type\":\"EntryPoint\",\"urlTemplate\":\"https:\\\/\\\/zona7digital.com\\\/?s={search_term_string}\"},\"query-input\":{\"@type\":\"PropertyValueSpecification\",\"valueRequired\":true,\"valueName\":\"search_term_string\"}}],\"inLanguage\":\"es\"},{\"@type\":\"Organization\",\"@id\":\"https:\\\/\\\/zona7digital.com\\\/#organization\",\"name\":\"zona7digital.com\",\"url\":\"https:\\\/\\\/zona7digital.com\\\/\",\"logo\":{\"@type\":\"ImageObject\",\"inLanguage\":\"es\",\"@id\":\"https:\\\/\\\/zona7digital.com\\\/#\\\/schema\\\/logo\\\/image\\\/\",\"url\":\"https:\\\/\\\/zona7digital.com\\\/wp-content\\\/uploads\\\/2023\\\/11\\\/cropped-Fondo-Blanco.png\",\"contentUrl\":\"https:\\\/\\\/zona7digital.com\\\/wp-content\\\/uploads\\\/2023\\\/11\\\/cropped-Fondo-Blanco.png\",\"width\":847,\"height\":356,\"caption\":\"zona7digital.com\"},\"image\":{\"@id\":\"https:\\\/\\\/zona7digital.com\\\/#\\\/schema\\\/logo\\\/image\\\/\"}}]}<\/script>\n<!-- \/ Yoast SEO plugin. -->","yoast_head_json":{"title":"Gesti\u00f3n Social Media - zona7digital.com","description":"En Zona7 Agencia, ofrecemos soluciones integrales para el manejo y gesti\u00f3n efectiva de redes sociales. Desde la creaci\u00f3n de contenido estrat\u00e9gico hasta el an\u00e1lisis de datos y la optimizaci\u00f3n de campa\u00f1as, ayudamos a las marcas a maximizar su presencia en l\u00ednea y a alcanzar sus objetivos de marketing. Descubre c\u00f3mo nuestra experiencia y enfoque personalizado pueden impulsar el \u00e9xito de tu negocio en el mundo digital","robots":{"index":"index","follow":"follow","max-snippet":"max-snippet:-1","max-image-preview":"max-image-preview:large","max-video-preview":"max-video-preview:-1"},"canonical":"https:\/\/zona7digital.com\/index.php\/gestion-redes-sociales-estrategia-objetivos-marketing\/","og_locale":"es_ES","og_type":"article","og_title":"Gesti\u00f3n Social Media - zona7digital.com","og_description":"En Zona7 Agencia, ofrecemos soluciones integrales para el manejo y gesti\u00f3n efectiva de redes sociales. Desde la creaci\u00f3n de contenido estrat\u00e9gico hasta el an\u00e1lisis de datos y la optimizaci\u00f3n de campa\u00f1as, ayudamos a las marcas a maximizar su presencia en l\u00ednea y a alcanzar sus objetivos de marketing. Descubre c\u00f3mo nuestra experiencia y enfoque personalizado pueden impulsar el \u00e9xito de tu negocio en el mundo digital","og_url":"https:\/\/zona7digital.com\/index.php\/gestion-redes-sociales-estrategia-objetivos-marketing\/","og_site_name":"zona7digital.com","article_modified_time":"2024-02-12T03:47:36+00:00","twitter_card":"summary_large_image","schema":{"@context":"https:\/\/schema.org","@graph":[{"@type":"WebPage","@id":"https:\/\/zona7digital.com\/index.php\/gestion-redes-sociales-estrategia-objetivos-marketing\/","url":"https:\/\/zona7digital.com\/index.php\/gestion-redes-sociales-estrategia-objetivos-marketing\/","name":"Gesti\u00f3n Social Media - zona7digital.com","isPartOf":{"@id":"https:\/\/zona7digital.com\/#website"},"datePublished":"2024-02-07T15:27:59+00:00","dateModified":"2024-02-12T03:47:36+00:00","description":"En Zona7 Agencia, ofrecemos soluciones integrales para el manejo y gesti\u00f3n efectiva de redes sociales. Desde la creaci\u00f3n de contenido estrat\u00e9gico hasta el an\u00e1lisis de datos y la optimizaci\u00f3n de campa\u00f1as, ayudamos a las marcas a maximizar su presencia en l\u00ednea y a alcanzar sus objetivos de marketing. Descubre c\u00f3mo nuestra experiencia y enfoque personalizado pueden impulsar el \u00e9xito de tu negocio en el mundo digital","breadcrumb":{"@id":"https:\/\/zona7digital.com\/index.php\/gestion-redes-sociales-estrategia-objetivos-marketing\/#breadcrumb"},"inLanguage":"es","potentialAction":[{"@type":"ReadAction","target":["https:\/\/zona7digital.com\/index.php\/gestion-redes-sociales-estrategia-objetivos-marketing\/"]}]},{"@type":"BreadcrumbList","@id":"https:\/\/zona7digital.com\/index.php\/gestion-redes-sociales-estrategia-objetivos-marketing\/#breadcrumb","itemListElement":[{"@type":"ListItem","position":1,"name":"Inicio","item":"https:\/\/zona7digital.com\/"},{"@type":"ListItem","position":2,"name":"Gesti\u00f3n Social Media"}]},{"@type":"WebSite","@id":"https:\/\/zona7digital.com\/#website","url":"https:\/\/zona7digital.com\/","name":"zona7digital.com","description":"Agencia digital","publisher":{"@id":"https:\/\/zona7digital.com\/#organization"},"potentialAction":[{"@type":"SearchAction","target":{"@type":"EntryPoint","urlTemplate":"https:\/\/zona7digital.com\/?s={search_term_string}"},"query-input":{"@type":"PropertyValueSpecification","valueRequired":true,"valueName":"search_term_string"}}],"inLanguage":"es"},{"@type":"Organization","@id":"https:\/\/zona7digital.com\/#organization","name":"zona7digital.com","url":"https:\/\/zona7digital.com\/","logo":{"@type":"ImageObject","inLanguage":"es","@id":"https:\/\/zona7digital.com\/#\/schema\/logo\/image\/","url":"https:\/\/zona7digital.com\/wp-content\/uploads\/2023\/11\/cropped-Fondo-Blanco.png","contentUrl":"https:\/\/zona7digital.com\/wp-content\/uploads\/2023\/11\/cropped-Fondo-Blanco.png","width":847,"height":356,"caption":"zona7digital.com"},"image":{"@id":"https:\/\/zona7digital.com\/#\/schema\/logo\/image\/"}}]}},"_links":{"self":[{"href":"https:\/\/zona7digital.com\/index.php\/wp-json\/wp\/v2\/pages\/275","targetHints":{"allow":["GET"]}}],"collection":[{"href":"https:\/\/zona7digital.com\/index.php\/wp-json\/wp\/v2\/pages"}],"about":[{"href":"https:\/\/zona7digital.com\/index.php\/wp-json\/wp\/v2\/types\/page"}],"author":[{"embeddable":true,"href":"https:\/\/zona7digital.com\/index.php\/wp-json\/wp\/v2\/users\/1"}],"replies":[{"embeddable":true,"href":"https:\/\/zona7digital.com\/index.php\/wp-json\/wp\/v2\/comments?post=275"}],"version-history":[{"count":6,"href":"https:\/\/zona7digital.com\/index.php\/wp-json\/wp\/v2\/pages\/275\/revisions"}],"predecessor-version":[{"id":382,"href":"https:\/\/zona7digital.com\/index.php\/wp-json\/wp\/v2\/pages\/275\/revisions\/382"}],"wp:attachment":[{"href":"https:\/\/zona7digital.com\/index.php\/wp-json\/wp\/v2\/media?parent=275"}],"curies":[{"name":"wp","href":"https:\/\/api.w.org\/{rel}","templated":true}]}}